{"id":8,"date":"2019-11-12T19:50:22","date_gmt":"2019-11-12T19:50:22","guid":{"rendered":"http:\/\/imascandy.com\/?page_id=8"},"modified":"2019-11-12T20:26:12","modified_gmt":"2019-11-12T20:26:12","slug":"ana-sayfa","status":"publish","type":"page","link":"http:\/\/imascandy.com\/","title":{"rendered":"Home"},"content":{"rendered":"<p>Sitenize ho\u015f geldiniz! Bu sizin ana sayfan\u0131z, ki ziyaret\u00e7ilerinizin \u00e7o\u011fu sitenize geldi\u011finde ilk olarak bu sayfay\u0131 g\u00f6r\u00fcnt\u00fclerler.<\/p>\n","protected":false},"excerpt":{"rendered":"<p>Sitenize ho\u015f geldiniz! Bu sizin ana sayfan\u0131z, ki ziyaret\u00e7ilerinizin \u00e7o\u011fu sitenize geldi\u011finde ilk olarak bu sayfay\u0131 g\u00f6r\u00fcnt\u00fclerler.<\/p>\n","protected":false},"author":1,"featured_media":0,"parent":0,"menu_order":0,"comment_status":"closed","ping_status":"closed","template":"","meta":{"footnotes":""},"yoast_head":"<!-- This site is optimized with the Yoast SEO plugin v20.0 - https:\/\/yoast.com\/wordpress\/plugins\/seo\/ -->\n<title>Home - Konya Confectionery and Chocolate Factory<\/title>\n<meta name=\"robots\" content=\"index, follow, max-snippet:-1, max-image-preview:large, max-video-preview:-1\" \/>\n<link rel=\"canonical\" href=\"https:\/\/imascandy.com\/\" \/>\n<meta property=\"og:locale\" content=\"en_US\" \/>\n<meta property=\"og:type\" content=\"article\" \/>\n<meta property=\"og:title\" content=\"Home - Konya Confectionery and Chocolate Factory\" \/>\n<meta property=\"og:description\" content=\"Sitenize ho\u015f geldiniz! Bu sizin ana sayfan\u0131z, ki ziyaret\u00e7ilerinizin \u00e7o\u011fu sitenize geldi\u011finde ilk olarak bu sayfay\u0131 g\u00f6r\u00fcnt\u00fclerler.\" \/>\n<meta property=\"og:url\" content=\"https:\/\/imascandy.com\/\" \/>\n<meta property=\"og:site_name\" content=\"Konya Confectionery and Chocolate Factory\" \/>\n<meta property=\"article:modified_time\" content=\"2019-11-12T20:26:12+00:00\" \/>\n<meta name=\"twitter:card\" content=\"summary_large_image\" \/>\n<script type=\"application\/ld+json\" class=\"yoast-schema-graph\">{\"@context\":\"https:\/\/schema.org\",\"@graph\":[{\"@type\":\"WebPage\",\"@id\":\"https:\/\/imascandy.com\/\",\"url\":\"https:\/\/imascandy.com\/\",\"name\":\"Home - Konya Confectionery and Chocolate Factory\",\"isPartOf\":{\"@id\":\"https:\/\/imascandy.com\/#website\"},\"datePublished\":\"2019-11-12T19:50:22+00:00\",\"dateModified\":\"2019-11-12T20:26:12+00:00\",\"breadcrumb\":{\"@id\":\"https:\/\/imascandy.com\/#breadcrumb\"},\"inLanguage\":\"en\",\"potentialAction\":[{\"@type\":\"ReadAction\",\"target\":[\"https:\/\/imascandy.com\/\"]}]},{\"@type\":\"BreadcrumbList\",\"@id\":\"https:\/\/imascandy.com\/#breadcrumb\",\"itemListElement\":[{\"@type\":\"ListItem\",\"position\":1,\"name\":\"Home\",\"item\":\"https:\/\/imascandy.com\/\"},{\"@type\":\"ListItem\",\"position\":2,\"name\":\"Home\"}]},{\"@type\":\"WebSite\",\"@id\":\"https:\/\/imascandy.com\/#website\",\"url\":\"https:\/\/imascandy.com\/\",\"name\":\"Konya Confectionery and Chocolate Factory\",\"description\":\"Confectionery and Chocolate from Konya to the World.\",\"potentialAction\":[{\"@type\":\"SearchAction\",\"target\":{\"@type\":\"EntryPoint\",\"urlTemplate\":\"https:\/\/imascandy.com\/?s={search_term_string}\"},\"query-input\":\"required name=search_term_string\"}],\"inLanguage\":\"en\"}]}<\/script>\n<!-- \/ Yoast SEO plugin. -->","yoast_head_json":{"title":"Home - Konya Confectionery and Chocolate Factory","robots":{"index":"index","follow":"follow","max-snippet":"max-snippet:-1","max-image-preview":"max-image-preview:large","max-video-preview":"max-video-preview:-1"},"canonical":"https:\/\/imascandy.com\/","og_locale":"en_US","og_type":"article","og_title":"Home - Konya Confectionery and Chocolate Factory","og_description":"Sitenize ho\u015f geldiniz! Bu sizin ana sayfan\u0131z, ki ziyaret\u00e7ilerinizin \u00e7o\u011fu sitenize geldi\u011finde ilk olarak bu sayfay\u0131 g\u00f6r\u00fcnt\u00fclerler.","og_url":"https:\/\/imascandy.com\/","og_site_name":"Konya Confectionery and Chocolate Factory","article_modified_time":"2019-11-12T20:26:12+00:00","twitter_card":"summary_large_image","schema":{"@context":"https:\/\/schema.org","@graph":[{"@type":"WebPage","@id":"https:\/\/imascandy.com\/","url":"https:\/\/imascandy.com\/","name":"Home - Konya Confectionery and Chocolate Factory","isPartOf":{"@id":"https:\/\/imascandy.com\/#website"},"datePublished":"2019-11-12T19:50:22+00:00","dateModified":"2019-11-12T20:26:12+00:00","breadcrumb":{"@id":"https:\/\/imascandy.com\/#breadcrumb"},"inLanguage":"en","potentialAction":[{"@type":"ReadAction","target":["https:\/\/imascandy.com\/"]}]},{"@type":"BreadcrumbList","@id":"https:\/\/imascandy.com\/#breadcrumb","itemListElement":[{"@type":"ListItem","position":1,"name":"Home","item":"https:\/\/imascandy.com\/"},{"@type":"ListItem","position":2,"name":"Home"}]},{"@type":"WebSite","@id":"https:\/\/imascandy.com\/#website","url":"https:\/\/imascandy.com\/","name":"Konya Confectionery and Chocolate Factory","description":"Confectionery and Chocolate from Konya to the World.","potentialAction":[{"@type":"SearchAction","target":{"@type":"EntryPoint","urlTemplate":"https:\/\/imascandy.com\/?s={search_term_string}"},"query-input":"required name=search_term_string"}],"inLanguage":"en"}]}},"_links":{"self":[{"href":"http:\/\/imascandy.com\/index.php\/wp-json\/wp\/v2\/pages\/8"}],"collection":[{"href":"http:\/\/imascandy.com\/index.php\/wp-json\/wp\/v2\/pages"}],"about":[{"href":"http:\/\/imascandy.com\/index.php\/wp-json\/wp\/v2\/types\/page"}],"author":[{"embeddable":true,"href":"http:\/\/imascandy.com\/index.php\/wp-json\/wp\/v2\/users\/1"}],"replies":[{"embeddable":true,"href":"http:\/\/imascandy.com\/index.php\/wp-json\/wp\/v2\/comments?post=8"}],"version-history":[{"count":2,"href":"http:\/\/imascandy.com\/index.php\/wp-json\/wp\/v2\/pages\/8\/revisions"}],"predecessor-version":[{"id":22,"href":"http:\/\/imascandy.com\/index.php\/wp-json\/wp\/v2\/pages\/8\/revisions\/22"}],"wp:attachment":[{"href":"http:\/\/imascandy.com\/index.php\/wp-json\/wp\/v2\/media?parent=8"}],"curies":[{"name":"wp","href":"https:\/\/api.w.org\/{rel}","templated":true}]}}