{"id":39,"date":"2019-11-23T03:58:25","date_gmt":"2019-11-23T03:58:25","guid":{"rendered":"http:\/\/imascandy.com\/?page_id=39"},"modified":"2019-11-23T04:10:45","modified_gmt":"2019-11-23T04:10:45","slug":"about-us","status":"publish","type":"page","link":"http:\/\/imascandy.com\/index.php\/about-us\/","title":{"rendered":"About Us"},"content":{"rendered":"\n<p>As \u0130ma\u015f Confectionery <\/p>\n\n\n\n<p><\/p>\n\n\n\n<div class=\"wp-block-file aligncenter\"><a href=\"http:\/\/imascandy.com\/wp-content\/uploads\/2019\/11\/\u0130MA\u015e-\u015eEKERLEME-ISO-22000.pdf\">\u0130MA\u015e \u015eEKERLEME-ISO 22000<\/a><a href=\"http:\/\/imascandy.com\/wp-content\/uploads\/2019\/11\/\u0130MA\u015e-\u015eEKERLEME-ISO-22000.pdf\" class=\"wp-block-file__button\" download>Download<\/a><\/div>\n\n\n\n<p><\/p>\n","protected":false},"excerpt":{"rendered":"<p>As \u0130ma\u015f Confectionery<\/p>\n","protected":false},"author":1,"featured_media":0,"parent":0,"menu_order":0,"comment_status":"closed","ping_status":"closed","template":"","meta":{"footnotes":""},"yoast_head":"<!-- This site is optimized with the Yoast SEO plugin v20.0 - https:\/\/yoast.com\/wordpress\/plugins\/seo\/ -->\n<title>About Us - Konya Confectionery and Chocolate Factory<\/title>\n<meta name=\"robots\" content=\"index, follow, max-snippet:-1, max-image-preview:large, max-video-preview:-1\" \/>\n<link rel=\"canonical\" href=\"http:\/\/imascandy.com\/index.php\/about-us\/\" \/>\n<meta property=\"og:locale\" content=\"en_US\" \/>\n<meta property=\"og:type\" content=\"article\" \/>\n<meta property=\"og:title\" content=\"About Us - Konya Confectionery and Chocolate Factory\" \/>\n<meta property=\"og:description\" content=\"As \u0130ma\u015f Confectionery\" \/>\n<meta property=\"og:url\" content=\"http:\/\/imascandy.com\/index.php\/about-us\/\" \/>\n<meta property=\"og:site_name\" content=\"Konya Confectionery and Chocolate Factory\" \/>\n<meta property=\"article:modified_time\" content=\"2019-11-23T04:10:45+00:00\" \/>\n<meta name=\"twitter:card\" content=\"summary_large_image\" \/>\n<script type=\"application\/ld+json\" class=\"yoast-schema-graph\">{\"@context\":\"https:\/\/schema.org\",\"@graph\":[{\"@type\":\"WebPage\",\"@id\":\"http:\/\/imascandy.com\/index.php\/about-us\/\",\"url\":\"http:\/\/imascandy.com\/index.php\/about-us\/\",\"name\":\"About Us - Konya Confectionery and Chocolate Factory\",\"isPartOf\":{\"@id\":\"http:\/\/imascandy.com\/#website\"},\"datePublished\":\"2019-11-23T03:58:25+00:00\",\"dateModified\":\"2019-11-23T04:10:45+00:00\",\"breadcrumb\":{\"@id\":\"http:\/\/imascandy.com\/index.php\/about-us\/#breadcrumb\"},\"inLanguage\":\"en\",\"potentialAction\":[{\"@type\":\"ReadAction\",\"target\":[\"http:\/\/imascandy.com\/index.php\/about-us\/\"]}]},{\"@type\":\"BreadcrumbList\",\"@id\":\"http:\/\/imascandy.com\/index.php\/about-us\/#breadcrumb\",\"itemListElement\":[{\"@type\":\"ListItem\",\"position\":1,\"name\":\"Home\",\"item\":\"http:\/\/imascandy.com\/\"},{\"@type\":\"ListItem\",\"position\":2,\"name\":\"About Us\"}]},{\"@type\":\"WebSite\",\"@id\":\"http:\/\/imascandy.com\/#website\",\"url\":\"http:\/\/imascandy.com\/\",\"name\":\"Konya Confectionery and Chocolate Factory\",\"description\":\"Confectionery and Chocolate from Konya to the World.\",\"potentialAction\":[{\"@type\":\"SearchAction\",\"target\":{\"@type\":\"EntryPoint\",\"urlTemplate\":\"http:\/\/imascandy.com\/?s={search_term_string}\"},\"query-input\":\"required name=search_term_string\"}],\"inLanguage\":\"en\"}]}<\/script>\n<!-- \/ Yoast SEO plugin. -->","yoast_head_json":{"title":"About Us - Konya Confectionery and Chocolate Factory","robots":{"index":"index","follow":"follow","max-snippet":"max-snippet:-1","max-image-preview":"max-image-preview:large","max-video-preview":"max-video-preview:-1"},"canonical":"http:\/\/imascandy.com\/index.php\/about-us\/","og_locale":"en_US","og_type":"article","og_title":"About Us - Konya Confectionery and Chocolate Factory","og_description":"As \u0130ma\u015f Confectionery","og_url":"http:\/\/imascandy.com\/index.php\/about-us\/","og_site_name":"Konya Confectionery and Chocolate Factory","article_modified_time":"2019-11-23T04:10:45+00:00","twitter_card":"summary_large_image","schema":{"@context":"https:\/\/schema.org","@graph":[{"@type":"WebPage","@id":"http:\/\/imascandy.com\/index.php\/about-us\/","url":"http:\/\/imascandy.com\/index.php\/about-us\/","name":"About Us - Konya Confectionery and Chocolate Factory","isPartOf":{"@id":"http:\/\/imascandy.com\/#website"},"datePublished":"2019-11-23T03:58:25+00:00","dateModified":"2019-11-23T04:10:45+00:00","breadcrumb":{"@id":"http:\/\/imascandy.com\/index.php\/about-us\/#breadcrumb"},"inLanguage":"en","potentialAction":[{"@type":"ReadAction","target":["http:\/\/imascandy.com\/index.php\/about-us\/"]}]},{"@type":"BreadcrumbList","@id":"http:\/\/imascandy.com\/index.php\/about-us\/#breadcrumb","itemListElement":[{"@type":"ListItem","position":1,"name":"Home","item":"http:\/\/imascandy.com\/"},{"@type":"ListItem","position":2,"name":"About Us"}]},{"@type":"WebSite","@id":"http:\/\/imascandy.com\/#website","url":"http:\/\/imascandy.com\/","name":"Konya Confectionery and Chocolate Factory","description":"Confectionery and Chocolate from Konya to the World.","potentialAction":[{"@type":"SearchAction","target":{"@type":"EntryPoint","urlTemplate":"http:\/\/imascandy.com\/?s={search_term_string}"},"query-input":"required name=search_term_string"}],"inLanguage":"en"}]}},"_links":{"self":[{"href":"http:\/\/imascandy.com\/index.php\/wp-json\/wp\/v2\/pages\/39"}],"collection":[{"href":"http:\/\/imascandy.com\/index.php\/wp-json\/wp\/v2\/pages"}],"about":[{"href":"http:\/\/imascandy.com\/index.php\/wp-json\/wp\/v2\/types\/page"}],"author":[{"embeddable":true,"href":"http:\/\/imascandy.com\/index.php\/wp-json\/wp\/v2\/users\/1"}],"replies":[{"embeddable":true,"href":"http:\/\/imascandy.com\/index.php\/wp-json\/wp\/v2\/comments?post=39"}],"version-history":[{"count":3,"href":"http:\/\/imascandy.com\/index.php\/wp-json\/wp\/v2\/pages\/39\/revisions"}],"predecessor-version":[{"id":51,"href":"http:\/\/imascandy.com\/index.php\/wp-json\/wp\/v2\/pages\/39\/revisions\/51"}],"wp:attachment":[{"href":"http:\/\/imascandy.com\/index.php\/wp-json\/wp\/v2\/media?parent=39"}],"curies":[{"name":"wp","href":"https:\/\/api.w.org\/{rel}","templated":true}]}}